{"id":1155,"date":"2020-05-25T10:30:46","date_gmt":"2020-05-25T08:30:46","guid":{"rendered":"https:\/\/bstab.com\/?page_id=1155"},"modified":"2023-12-06T14:38:16","modified_gmt":"2023-12-06T13:38:16","slug":"integritetspolicy","status":"publish","type":"page","link":"https:\/\/bstgroupab.com\/sv\/integritetspolicy\/","title":{"rendered":"Integritetspolicy"},"content":{"rendered":"\t\t<div data-elementor-type=\"wp-page\" data-elementor-id=\"1155\" class=\"elementor elementor-1155\" data-elementor-post-type=\"page\">\n\t\t\t\t<div class=\"elementor-element elementor-element-9f8947c e-flex e-con-boxed e-con e-parent\" data-id=\"9f8947c\" data-element_type=\"container\" data-e-type=\"container\">\n\t\t\t\t\t<div class=\"e-con-inner\">\n\t\t<div class=\"elementor-element elementor-element-aaef58a e-con-full e-flex e-con e-child\" data-id=\"aaef58a\" data-element_type=\"container\" data-e-type=\"container\">\n\t\t\t\t<div class=\"elementor-element elementor-element-2274b33 elementor-widget elementor-widget-heading\" data-id=\"2274b33\" data-element_type=\"widget\" data-e-type=\"widget\" data-widget_type=\"heading.default\">\n\t\t\t\t<div class=\"elementor-widget-container\">\n\t\t\t\t\t<h1 class=\"elementor-heading-title elementor-size-default\">Personuppgiftspolicy<\/h1>\t\t\t\t<\/div>\n\t\t\t\t<\/div>\n\t\t\t\t<div class=\"elementor-element elementor-element-de1cc7d elementor-widget elementor-widget-text-editor\" data-id=\"de1cc7d\" data-element_type=\"widget\" data-e-type=\"widget\" data-widget_type=\"text-editor.default\">\n\t\t\t\t<div class=\"elementor-widget-container\">\n\t\t\t\t\t\t\t\t\t<section aria-label=\"Page 1\">BST Group behandlar personuppgifter enligt g\u00e4llande Dataskyddsf\u00f6rordningen (GDPR). Syftet med den h\u00e4r personuppgiftspolicyn \u00e4r att redog\u00f6ra f\u00f6r vilka personuppgifter som vi tillhandah\u00e5ller, hur vi f\u00e5r tillg\u00e5ng till dessa och hur vi behandlar dem. Du har alltid r\u00e4tt att kontakta oss f\u00f6r att f\u00e5 reda p\u00e5 vilka personuppgifter vi har registrerade p\u00e5 dig.<\/section>\t\t\t\t\t\t\t\t<\/div>\n\t\t\t\t<\/div>\n\t\t\t\t<div class=\"elementor-element elementor-element-eef8e98 elementor-widget elementor-widget-text-editor\" data-id=\"eef8e98\" data-element_type=\"widget\" data-e-type=\"widget\" data-widget_type=\"text-editor.default\">\n\t\t\t\t<div class=\"elementor-widget-container\">\n\t\t\t\t\t\t\t\t\t<section aria-label=\"Page 1\"><\/section>\n<section aria-label=\"Page 1\"><span style=\"text-align: var(--text-align);\">Bes\u00f6k www.datainspektionen.se f\u00f6r ytterligare information om personuppgiftsbehandling.<\/span><\/section>\n<section aria-label=\"Page 1\"><\/section>\n<h2>&nbsp;<\/h2>\n<h3>Vilka personuppgifter samlar vi in?<\/h3>\n<section aria-label=\"Page 1\">Nedan har vi sammanfattat vilken typ av personuppgift som vi huvudsakligen behandlar:<\/section>\n<ul>\n<li aria-label=\"Page 1\">Namn<\/li>\n<li aria-label=\"Page 1\">F\u00f6retag<\/li>\n<li aria-label=\"Page 1\">Adress<\/li>\n<li aria-label=\"Page 1\">E-postadress<\/li>\n<li aria-label=\"Page 1\">Telefonnummer<\/li>\n<li aria-label=\"Page 1\">Titel<\/li>\n<li aria-label=\"Page 1\">Demografisk data (\u00e5lder och k\u00f6n)<\/li>\n<li aria-label=\"Page 1\">Enhet vid bes\u00f6k av hemsida (t.ex. dator eller mobil)<\/li>\n<li aria-label=\"Page 1\">Webbl\u00e4sare<\/li>\n<li aria-label=\"Page 1\">Uppgifter som du frivilligt uppger<\/li>\n<\/ul>\n<h2>&nbsp;<\/h2>\n<h3>Hur f\u00e5r vi tillg\u00e5ng till dina uppgifter?<\/h3>\n<ul>\n<li aria-label=\"Page 1\">Uppgifter som du tillhandah\u00e5ller oss direkt<\/li>\n<li aria-label=\"Page 1\">Uppgifter som inh\u00e4mtas fr\u00e5n tredje part (t.ex. Google Analytics)<\/li>\n<li aria-label=\"Page 1\">Uppgifter som vi f\u00e5r n\u00e4r du kontaktar oss, s\u00f6ker anst\u00e4llning hos oss eller p\u00e5 n\u00e5got annat s\u00e4tt kontaktar oss<\/li>\n<\/ul>\n<h2>&nbsp;<\/h2>\n<h3>Hur anv\u00e4nder vi dina personuppgifter?<\/h3>\n<p>Uppgifter som inh\u00e4mtats fr\u00e5n tredje part, till exempel demografisk data, kan i vissa fall anv\u00e4ndas i marknadsf\u00f6ringssyfte. De marknadsf\u00f6ringsm\u00e4ssiga syftena kan exempelvis innefatta \u00f6kad f\u00f6rst\u00e5else av m\u00e5lgrupp eller riktad marknadsf\u00f6ring vid kampanjer.<\/p>\n<h2>&nbsp;<\/h2>\n<h3>Vem har tillg\u00e5ng till dina uppgifter?<\/h3>\n<section aria-label=\"Page 1\">Dina personuppgifter anv\u00e4nds av BST Group och ibland av v\u00e5ra olika tj\u00e4nsteleverant\u00f6rer. Exempel p\u00e5 tj\u00e4nsteleverant\u00f6r \u00e4r f\u00f6retag som hanterar v\u00e5r webbsida och marknadsf\u00f6ring.<\/section>\n<section aria-label=\"Page 1\">&nbsp;<\/section>\n<section aria-label=\"Page 1\"><b>Beg\u00e4r tillg\u00e5ng till dina uppgifter<\/b><\/section>\n<section aria-label=\"Page 1\">Registrerad person har r\u00e4tt att beg\u00e4ra tillg\u00e5ng till, r\u00e4ttelse och radering av egna personuppgifter, begr\u00e4nsning av behandling, inv\u00e4ndning mot behandling samt dataportabilitet. Detta g\u00f6rs till <a href=\"mailto:info@bstgroupab.com\">info@bstgroupab.com<\/a>.<\/section>\n<section aria-label=\"Page 1\">&nbsp;<\/section>\n<section aria-label=\"Page 1\"><b>Vad \u00e4r en cookie och hur anv\u00e4nder vi det?<\/b><\/section>\n<section aria-label=\"Page 1\">En cookie \u00e4r en textfil som lagras i din webbl\u00e4sare av sidor du bes\u00f6ker. Cookien inneh\u00e5ller information om ditt bes\u00f6k och hj\u00e4lper dig att f\u00f6rb\u00e4ttra din upplevelse medan du navigerar p\u00e5 hemsidan. BST Group anv\u00e4nder cookies fr\u00e5n tredje part f\u00f6r att sp\u00e5ra hur du anv\u00e4nder v\u00e5r hemsida, f\u00f6r att exempelvis kunna se vilka sidor du bes\u00f6ker och hur l\u00e4nge du stannar p\u00e5 varje sida. Genom att bes\u00f6ka v\u00e5r webbsida l\u00e4mnar du som bes\u00f6kare samtycke till hanteringen av cookies. Om du inte vill ha cookies kan du v\u00e4lja att inte acceptera cookies i datorns webbl\u00e4sare, men det inneb\u00e4r en begr\u00e4nsning av tillg\u00e5ng till sidor och funktioner.&nbsp;<\/section>\n<section aria-label=\"Page 1\"><\/section>\n<section aria-label=\"Page 1\"><\/section>\n<h2><br><\/h2><h2>Kontaktinformation<\/h2>\n<section aria-label=\"Page 1\">BST Group AB (org.nr <a href=\"https:\/\/www.allabolag.se\/5593400475\/herex-group-ab-publ\" target=\"_blank\" rel=\"noopener\">559340-0475<\/a>), \u00e4r personuppgiftsansvariga f\u00f6r de uppgifter bolaget samlar in och behandlar, och ansvarar f\u00f6r att s\u00e5dan behandling sker med respekt och i enlighet med g\u00e4llande lagstiftning.&nbsp;<p><\/p>\n<\/section>\n<section aria-label=\"Page 1\"><\/section>\n<section aria-label=\"Page 1\">Om du har n\u00e5gra fr\u00e5gor eller kommentarer till den h\u00e4r personuppgiftspolicyn kan du kontakta oss p\u00e5:&nbsp;<p><\/p>\n<\/section>\n<section aria-label=\"Page 1\"><\/section>\n<section aria-label=\"Page 1\"><\/section>\n<section aria-label=\"Page 1\">E-post: <a href=\"mailto:info@bstgroupab.com\">info@bstgroupab.com<\/a><\/section>\n<section aria-label=\"Page 1\">Telefon: <a href=\"http:\/\/tel:0046850005223\">08- 500 052 23<\/a><\/section>\t\t\t\t\t\t\t\t<\/div>\n\t\t\t\t<\/div>\n\t\t\t\t<\/div>\n\t\t\t\t\t<\/div>\n\t\t\t\t<\/div>\n\t\t\t\t<\/div>\n\t\t","protected":false},"excerpt":{"rendered":"<p>Personuppgiftspolicy BST Group behandlar personuppgifter enligt g\u00e4llande Dataskyddsf\u00f6rordningen (GDPR). Syftet med den h\u00e4r personuppgiftspolicyn \u00e4r att redog\u00f6ra f\u00f6r vilka personuppgifter som vi tillhandah\u00e5ller, hur vi f\u00e5r tillg\u00e5ng till dessa och hur vi behandlar dem. Du har alltid r\u00e4tt att kontakta oss f\u00f6r att f\u00e5 reda p\u00e5 vilka personuppgifter vi har registrerade p\u00e5 dig. Bes\u00f6k www.datainspektionen.se [&hellip;]<\/p>\n","protected":false},"author":1,"featured_media":0,"parent":0,"menu_order":999,"comment_status":"closed","ping_status":"closed","template":"elementor_header_footer","meta":{"footnotes":""},"class_list":["post-1155","page","type-page","status-publish","hentry"],"yoast_head":"<!-- This site is optimized with the Yoast SEO plugin v27.5 - https:\/\/yoast.com\/product\/yoast-seo-wordpress\/ -->\n<title>Integritetspolicy - BST Group<\/title>\n<meta name=\"robots\" content=\"index, follow, max-snippet:-1, max-image-preview:large, max-video-preview:-1\" \/>\n<link rel=\"canonical\" href=\"https:\/\/bstgroupab.com\/sv\/integritetspolicy\/\" \/>\n<meta property=\"og:locale\" content=\"sv_SE\" \/>\n<meta property=\"og:type\" content=\"article\" \/>\n<meta property=\"og:title\" content=\"Integritetspolicy - BST Group\" \/>\n<meta property=\"og:description\" content=\"Personuppgiftspolicy BST Group behandlar personuppgifter enligt g\u00e4llande Dataskyddsf\u00f6rordningen (GDPR). Syftet med den h\u00e4r personuppgiftspolicyn \u00e4r att redog\u00f6ra f\u00f6r vilka personuppgifter som vi tillhandah\u00e5ller, hur vi f\u00e5r tillg\u00e5ng till dessa och hur vi behandlar dem. Du har alltid r\u00e4tt att kontakta oss f\u00f6r att f\u00e5 reda p\u00e5 vilka personuppgifter vi har registrerade p\u00e5 dig. Bes\u00f6k www.datainspektionen.se [&hellip;]\" \/>\n<meta property=\"og:url\" content=\"https:\/\/bstgroupab.com\/sv\/integritetspolicy\/\" \/>\n<meta property=\"og:site_name\" content=\"BST Group\" \/>\n<meta property=\"article:modified_time\" content=\"2023-12-06T13:38:16+00:00\" \/>\n<meta name=\"twitter:card\" content=\"summary_large_image\" \/>\n<meta name=\"twitter:label1\" content=\"Ber\u00e4knad l\u00e4stid\" \/>\n\t<meta name=\"twitter:data1\" content=\"3 minuter\" \/>\n<script type=\"application\/ld+json\" class=\"yoast-schema-graph\">{\"@context\":\"https:\\\/\\\/schema.org\",\"@graph\":[{\"@type\":\"WebPage\",\"@id\":\"https:\\\/\\\/bstgroupab.com\\\/sv\\\/integritetspolicy\\\/\",\"url\":\"https:\\\/\\\/bstgroupab.com\\\/sv\\\/integritetspolicy\\\/\",\"name\":\"Integritetspolicy - BST Group\",\"isPartOf\":{\"@id\":\"https:\\\/\\\/bstgroupab.com\\\/sv\\\/#website\"},\"datePublished\":\"2020-05-25T08:30:46+00:00\",\"dateModified\":\"2023-12-06T13:38:16+00:00\",\"breadcrumb\":{\"@id\":\"https:\\\/\\\/bstgroupab.com\\\/sv\\\/integritetspolicy\\\/#breadcrumb\"},\"inLanguage\":\"sv-SE\",\"potentialAction\":[{\"@type\":\"ReadAction\",\"target\":[\"https:\\\/\\\/bstgroupab.com\\\/sv\\\/integritetspolicy\\\/\"]}]},{\"@type\":\"BreadcrumbList\",\"@id\":\"https:\\\/\\\/bstgroupab.com\\\/sv\\\/integritetspolicy\\\/#breadcrumb\",\"itemListElement\":[{\"@type\":\"ListItem\",\"position\":1,\"name\":\"Home\",\"item\":\"https:\\\/\\\/bstgroupab.com\\\/sv\\\/\"},{\"@type\":\"ListItem\",\"position\":2,\"name\":\"Integritetspolicy\"}]},{\"@type\":\"WebSite\",\"@id\":\"https:\\\/\\\/bstgroupab.com\\\/sv\\\/#website\",\"url\":\"https:\\\/\\\/bstgroupab.com\\\/sv\\\/\",\"name\":\"BST Group\",\"description\":\"Vi m\u00f6jligg\u00f6r morgondagens brandskydd\",\"publisher\":{\"@id\":\"https:\\\/\\\/bstgroupab.com\\\/sv\\\/#organization\"},\"potentialAction\":[{\"@type\":\"SearchAction\",\"target\":{\"@type\":\"EntryPoint\",\"urlTemplate\":\"https:\\\/\\\/bstgroupab.com\\\/sv\\\/?s={search_term_string}\"},\"query-input\":{\"@type\":\"PropertyValueSpecification\",\"valueRequired\":true,\"valueName\":\"search_term_string\"}}],\"inLanguage\":\"sv-SE\"},{\"@type\":\"Organization\",\"@id\":\"https:\\\/\\\/bstgroupab.com\\\/sv\\\/#organization\",\"name\":\"BST Group\",\"url\":\"https:\\\/\\\/bstgroupab.com\\\/sv\\\/\",\"logo\":{\"@type\":\"ImageObject\",\"inLanguage\":\"sv-SE\",\"@id\":\"https:\\\/\\\/bstgroupab.com\\\/sv\\\/#\\\/schema\\\/logo\\\/image\\\/\",\"url\":\"https:\\\/\\\/bstgroupab.com\\\/wp-content\\\/uploads\\\/2023\\\/11\\\/BST-group.svg\",\"contentUrl\":\"https:\\\/\\\/bstgroupab.com\\\/wp-content\\\/uploads\\\/2023\\\/11\\\/BST-group.svg\",\"caption\":\"BST Group\"},\"image\":{\"@id\":\"https:\\\/\\\/bstgroupab.com\\\/sv\\\/#\\\/schema\\\/logo\\\/image\\\/\"}}]}<\/script>\n<!-- \/ Yoast SEO plugin. -->","yoast_head_json":{"title":"Integritetspolicy - BST Group","robots":{"index":"index","follow":"follow","max-snippet":"max-snippet:-1","max-image-preview":"max-image-preview:large","max-video-preview":"max-video-preview:-1"},"canonical":"https:\/\/bstgroupab.com\/sv\/integritetspolicy\/","og_locale":"sv_SE","og_type":"article","og_title":"Integritetspolicy - BST Group","og_description":"Personuppgiftspolicy BST Group behandlar personuppgifter enligt g\u00e4llande Dataskyddsf\u00f6rordningen (GDPR). Syftet med den h\u00e4r personuppgiftspolicyn \u00e4r att redog\u00f6ra f\u00f6r vilka personuppgifter som vi tillhandah\u00e5ller, hur vi f\u00e5r tillg\u00e5ng till dessa och hur vi behandlar dem. Du har alltid r\u00e4tt att kontakta oss f\u00f6r att f\u00e5 reda p\u00e5 vilka personuppgifter vi har registrerade p\u00e5 dig. Bes\u00f6k www.datainspektionen.se [&hellip;]","og_url":"https:\/\/bstgroupab.com\/sv\/integritetspolicy\/","og_site_name":"BST Group","article_modified_time":"2023-12-06T13:38:16+00:00","twitter_card":"summary_large_image","twitter_misc":{"Ber\u00e4knad l\u00e4stid":"3 minuter"},"schema":{"@context":"https:\/\/schema.org","@graph":[{"@type":"WebPage","@id":"https:\/\/bstgroupab.com\/sv\/integritetspolicy\/","url":"https:\/\/bstgroupab.com\/sv\/integritetspolicy\/","name":"Integritetspolicy - BST Group","isPartOf":{"@id":"https:\/\/bstgroupab.com\/sv\/#website"},"datePublished":"2020-05-25T08:30:46+00:00","dateModified":"2023-12-06T13:38:16+00:00","breadcrumb":{"@id":"https:\/\/bstgroupab.com\/sv\/integritetspolicy\/#breadcrumb"},"inLanguage":"sv-SE","potentialAction":[{"@type":"ReadAction","target":["https:\/\/bstgroupab.com\/sv\/integritetspolicy\/"]}]},{"@type":"BreadcrumbList","@id":"https:\/\/bstgroupab.com\/sv\/integritetspolicy\/#breadcrumb","itemListElement":[{"@type":"ListItem","position":1,"name":"Home","item":"https:\/\/bstgroupab.com\/sv\/"},{"@type":"ListItem","position":2,"name":"Integritetspolicy"}]},{"@type":"WebSite","@id":"https:\/\/bstgroupab.com\/sv\/#website","url":"https:\/\/bstgroupab.com\/sv\/","name":"BST Group","description":"Vi m\u00f6jligg\u00f6r morgondagens brandskydd","publisher":{"@id":"https:\/\/bstgroupab.com\/sv\/#organization"},"potentialAction":[{"@type":"SearchAction","target":{"@type":"EntryPoint","urlTemplate":"https:\/\/bstgroupab.com\/sv\/?s={search_term_string}"},"query-input":{"@type":"PropertyValueSpecification","valueRequired":true,"valueName":"search_term_string"}}],"inLanguage":"sv-SE"},{"@type":"Organization","@id":"https:\/\/bstgroupab.com\/sv\/#organization","name":"BST Group","url":"https:\/\/bstgroupab.com\/sv\/","logo":{"@type":"ImageObject","inLanguage":"sv-SE","@id":"https:\/\/bstgroupab.com\/sv\/#\/schema\/logo\/image\/","url":"https:\/\/bstgroupab.com\/wp-content\/uploads\/2023\/11\/BST-group.svg","contentUrl":"https:\/\/bstgroupab.com\/wp-content\/uploads\/2023\/11\/BST-group.svg","caption":"BST Group"},"image":{"@id":"https:\/\/bstgroupab.com\/sv\/#\/schema\/logo\/image\/"}}]}},"_links":{"self":[{"href":"https:\/\/bstgroupab.com\/sv\/wp-json\/wp\/v2\/pages\/1155","targetHints":{"allow":["GET"]}}],"collection":[{"href":"https:\/\/bstgroupab.com\/sv\/wp-json\/wp\/v2\/pages"}],"about":[{"href":"https:\/\/bstgroupab.com\/sv\/wp-json\/wp\/v2\/types\/page"}],"author":[{"embeddable":true,"href":"https:\/\/bstgroupab.com\/sv\/wp-json\/wp\/v2\/users\/1"}],"replies":[{"embeddable":true,"href":"https:\/\/bstgroupab.com\/sv\/wp-json\/wp\/v2\/comments?post=1155"}],"version-history":[{"count":18,"href":"https:\/\/bstgroupab.com\/sv\/wp-json\/wp\/v2\/pages\/1155\/revisions"}],"predecessor-version":[{"id":8301,"href":"https:\/\/bstgroupab.com\/sv\/wp-json\/wp\/v2\/pages\/1155\/revisions\/8301"}],"wp:attachment":[{"href":"https:\/\/bstgroupab.com\/sv\/wp-json\/wp\/v2\/media?parent=1155"}],"curies":[{"name":"wp","href":"https:\/\/api.w.org\/{rel}","templated":true}]}}