{"id":7545,"date":"2023-06-12T09:35:54","date_gmt":"2023-06-12T07:35:54","guid":{"rendered":"https:\/\/herexgroup.com\/?page_id=7545"},"modified":"2023-12-13T14:19:32","modified_gmt":"2023-12-13T13:19:32","slug":"visselblasning","status":"publish","type":"page","link":"https:\/\/bstgroupab.com\/sv\/visselblasning\/","title":{"rendered":"Visselbl\u00e5sning"},"content":{"rendered":"\t\t<div data-elementor-type=\"wp-page\" data-elementor-id=\"7545\" class=\"elementor elementor-7545\" data-elementor-post-type=\"page\">\n\t\t\t\t<div class=\"elementor-element elementor-element-9222ec3 e-flex e-con-boxed e-con e-parent\" data-id=\"9222ec3\" data-element_type=\"container\" data-e-type=\"container\">\n\t\t\t\t\t<div class=\"e-con-inner\">\n\t\t<div class=\"elementor-element elementor-element-ed7c979 e-con-full e-flex e-con e-child\" data-id=\"ed7c979\" data-element_type=\"container\" data-e-type=\"container\">\n\t\t\t\t<div class=\"elementor-element elementor-element-7f9c7eb elementor-widget elementor-widget-heading\" data-id=\"7f9c7eb\" data-element_type=\"widget\" data-e-type=\"widget\" data-widget_type=\"heading.default\">\n\t\t\t\t<div class=\"elementor-widget-container\">\n\t\t\t\t\t<h1 class=\"elementor-heading-title elementor-size-default\">BST Groups visselbl\u00e5sarfunktion<\/h1>\t\t\t\t<\/div>\n\t\t\t\t<\/div>\n\t\t\t\t<div class=\"elementor-element elementor-element-78a6dd5 elementor-widget elementor-widget-text-editor\" data-id=\"78a6dd5\" data-element_type=\"widget\" data-e-type=\"widget\" data-widget_type=\"text-editor.default\">\n\t\t\t\t<div class=\"elementor-widget-container\">\n\t\t\t\t\t\t\t\t\t<p>P\u00e5 BST Group str\u00e4var vi efter att ha en \u00f6ppen och transparent arbetsplats, d\u00e4r missf\u00f6rh\u00e5llanden inte ska f\u00f6rekomma. V\u00e5rt grundl\u00e4ggande f\u00f6rh\u00e5llningss\u00e4tt \u00e4r att ledarskapet och medarbetarskapet ska pr\u00e4glas av \u00f6ppenhet och transparens.<\/p>\t\t\t\t\t\t\t\t<\/div>\n\t\t\t\t<\/div>\n\t\t\t\t<div class=\"elementor-element elementor-element-4ac2171 elementor-widget elementor-widget-text-editor\" data-id=\"4ac2171\" data-element_type=\"widget\" data-e-type=\"widget\" data-widget_type=\"text-editor.default\">\n\t\t\t\t<div class=\"elementor-widget-container\">\n\t\t\t\t\t\t\t\t\t<p>Medarbetare p\u00e5 BST Group uppmuntras alltid att i f\u00f6rsta hand v\u00e4nda sig till ber\u00f6rd person eller till sin n\u00e4rmsta chef vid eventuella problem och missf\u00f6rh\u00e5llanden.<\/p><p>BST Group f\u00f6ljer aktuell lagstiftning g\u00e4llande visselbl\u00e5sning. Det \u00e4r m\u00f6jligt att sl\u00e5 larm om arbetsrelaterade missf\u00f6rh\u00e5llanden av allm\u00e4nintresse inom den verksamhet som rapport\u00f6ren \u00e4r, har varit eller kommer att verka i.\u00a0<\/p><p>Vi anv\u00e4nder\u00a0<a href=\"https:\/\/www.visslan.com\/\" target=\"_blank\" rel=\"noopener\">Visslans visselbl\u00e5sarkanal<\/a>\u00a0som s\u00e4kerst\u00e4ller din anonymitet och h\u00f6g s\u00e4kerhet.<\/p>\t\t\t\t\t\t\t\t<\/div>\n\t\t\t\t<\/div>\n\t\t\t\t<div class=\"elementor-element elementor-element-1107b0c elementor-widget elementor-widget-button\" data-id=\"1107b0c\" data-element_type=\"widget\" data-e-type=\"widget\" data-widget_type=\"button.default\">\n\t\t\t\t<div class=\"elementor-widget-container\">\n\t\t\t\t\t\t\t\t\t<div class=\"elementor-button-wrapper\">\n\t\t\t\t\t<a class=\"elementor-button elementor-button-link elementor-size-sm\" href=\"https:\/\/bstgroup.visslan-report.se\/\" target=\"_blank\">\n\t\t\t\t\t\t<span class=\"elementor-button-content-wrapper\">\n\t\t\t\t\t\t\t\t\t<span class=\"elementor-button-text\">G\u00e5 till visselbl\u00e5sarfunktionen p\u00e5 Visslan h\u00e4r<\/span>\n\t\t\t\t\t<\/span>\n\t\t\t\t\t<\/a>\n\t\t\t\t<\/div>\n\t\t\t\t\t\t\t\t<\/div>\n\t\t\t\t<\/div>\n\t\t\t\t<div class=\"elementor-element elementor-element-99f076c elementor-widget elementor-widget-text-editor\" data-id=\"99f076c\" data-element_type=\"widget\" data-e-type=\"widget\" data-widget_type=\"text-editor.default\">\n\t\t\t\t<div class=\"elementor-widget-container\">\n\t\t\t\t\t\t\t\t\t<h2><strong>Vem kan rapportera?<\/strong><\/h2><p>F\u00f6renklat kan du rapportera missf\u00f6rh\u00e5llanden om du \u00e4r eller har varit verksam inom BST Group. \u00c4r du os\u00e4ker uppmuntrar vi dig att l\u00e4sa mer i v\u00e5r visselbl\u00e5sarpolicy.<\/p>\t\t\t\t\t\t\t\t<\/div>\n\t\t\t\t<\/div>\n\t\t\t\t<div class=\"elementor-element elementor-element-c0efbb8 elementor-widget elementor-widget-text-editor\" data-id=\"c0efbb8\" data-element_type=\"widget\" data-e-type=\"widget\" data-widget_type=\"text-editor.default\">\n\t\t\t\t<div class=\"elementor-widget-container\">\n\t\t\t\t\t\t\t\t\t<h2>Vad kan rapporteras?<\/h2>\n<p>Du kan rapportera information om missf\u00f6rh\u00e5llanden i ett arbetsrelaterat sammanhang som det finns ett allm\u00e4nintresse av att de kommer fram. \u00c4r du os\u00e4ker uppmuntrar vi dig till att l\u00e4sa mer i v\u00e5r visselbl\u00e5sarpolicy. Du beh\u00f6ver inte bevis f\u00f6r din misstanke, men alla rapporteringar m\u00e5ste l\u00e4mnas i god tro.<\/p>\t\t\t\t\t\t\t\t<\/div>\n\t\t\t\t<\/div>\n\t\t\t\t<div class=\"elementor-element elementor-element-bef2fcc elementor-widget elementor-widget-text-editor\" data-id=\"bef2fcc\" data-element_type=\"widget\" data-e-type=\"widget\" data-widget_type=\"text-editor.default\">\n\t\t\t\t<div class=\"elementor-widget-container\">\n\t\t\t\t\t\t\t\t\t<h2>Hur hanteras rapporteringen?<\/h2><p>Rapporteringen hanteras konfidentiellt. Samtliga personuppgifter utan relevans kommer att raderas, och \u00e4rendet sparas endast s\u00e5 l\u00e4nge det \u00e4r n\u00f6dv\u00e4ndigt.<\/p>\t\t\t\t\t\t\t\t<\/div>\n\t\t\t\t<\/div>\n\t\t\t\t<div class=\"elementor-element elementor-element-599ecbd elementor-widget elementor-widget-text-editor\" data-id=\"599ecbd\" data-element_type=\"widget\" data-e-type=\"widget\" data-widget_type=\"text-editor.default\">\n\t\t\t\t<div class=\"elementor-widget-container\">\n\t\t\t\t\t\t\t\t\t<h2>Har du fler fr\u00e5gor?<\/h2><p>Om du vill veta mer om v\u00e5r hantering av visselbl\u00e5sar\u00e4renden eller personuppgifter l\u00e4s g\u00e4rna nedanst\u00e5ende dokument.<\/p>\t\t\t\t\t\t\t\t<\/div>\n\t\t\t\t<\/div>\n\t\t\t\t<div class=\"elementor-element elementor-element-9133ef2 elementor-widget elementor-widget-heading\" data-id=\"9133ef2\" data-element_type=\"widget\" data-e-type=\"widget\" data-widget_type=\"heading.default\">\n\t\t\t\t<div class=\"elementor-widget-container\">\n\t\t\t\t\t<div class=\"elementor-heading-title elementor-size-default\"><a href=\"https:\/\/bstgroupab.com\/wp-content\/uploads\/2023\/12\/BST-Group_visselblasarpolicy-2023.pdf\" target=\"_blank\">Visa fullst\u00e4ndig visselbl\u00e5sarpolicy<\/a><\/div>\t\t\t\t<\/div>\n\t\t\t\t<\/div>\n\t\t\t\t<div class=\"elementor-element elementor-element-b96337f elementor-widget elementor-widget-heading\" data-id=\"b96337f\" data-element_type=\"widget\" data-e-type=\"widget\" data-widget_type=\"heading.default\">\n\t\t\t\t<div class=\"elementor-widget-container\">\n\t\t\t\t\t<div class=\"elementor-heading-title elementor-size-default\"><a href=\"https:\/\/bstgroupab.com\/sv\/integritetspolicy\/\">L\u00e4s v\u00e5r integritetspolicy<\/a><\/div>\t\t\t\t<\/div>\n\t\t\t\t<\/div>\n\t\t\t\t<\/div>\n\t\t\t\t\t<\/div>\n\t\t\t\t<\/div>\n\t\t\t\t<\/div>\n\t\t","protected":false},"excerpt":{"rendered":"<p>BST Groups visselbl\u00e5sarfunktion P\u00e5 BST Group str\u00e4var vi efter att ha en \u00f6ppen och transparent arbetsplats, d\u00e4r missf\u00f6rh\u00e5llanden inte ska f\u00f6rekomma. V\u00e5rt grundl\u00e4ggande f\u00f6rh\u00e5llningss\u00e4tt \u00e4r att ledarskapet och medarbetarskapet ska pr\u00e4glas av \u00f6ppenhet och transparens. Medarbetare p\u00e5 BST Group uppmuntras alltid att i f\u00f6rsta hand v\u00e4nda sig till ber\u00f6rd person eller till sin n\u00e4rmsta chef [&hellip;]<\/p>\n","protected":false},"author":1,"featured_media":0,"parent":0,"menu_order":998,"comment_status":"closed","ping_status":"closed","template":"","meta":{"footnotes":""},"class_list":["post-7545","page","type-page","status-publish","hentry"],"yoast_head":"<!-- This site is optimized with the Yoast SEO plugin v27.6 - https:\/\/yoast.com\/product\/yoast-seo-wordpress\/ -->\n<title>Visselbl\u00e5sning - BST Group<\/title>\n<meta name=\"robots\" content=\"index, follow, max-snippet:-1, max-image-preview:large, max-video-preview:-1\" \/>\n<link rel=\"canonical\" href=\"https:\/\/bstgroupab.com\/sv\/visselblasning\/\" \/>\n<meta property=\"og:locale\" content=\"sv_SE\" \/>\n<meta property=\"og:type\" content=\"article\" \/>\n<meta property=\"og:title\" content=\"Visselbl\u00e5sning - BST Group\" \/>\n<meta property=\"og:description\" content=\"BST Groups visselbl\u00e5sarfunktion P\u00e5 BST Group str\u00e4var vi efter att ha en \u00f6ppen och transparent arbetsplats, d\u00e4r missf\u00f6rh\u00e5llanden inte ska f\u00f6rekomma. V\u00e5rt grundl\u00e4ggande f\u00f6rh\u00e5llningss\u00e4tt \u00e4r att ledarskapet och medarbetarskapet ska pr\u00e4glas av \u00f6ppenhet och transparens. Medarbetare p\u00e5 BST Group uppmuntras alltid att i f\u00f6rsta hand v\u00e4nda sig till ber\u00f6rd person eller till sin n\u00e4rmsta chef [&hellip;]\" \/>\n<meta property=\"og:url\" content=\"https:\/\/bstgroupab.com\/sv\/visselblasning\/\" \/>\n<meta property=\"og:site_name\" content=\"BST Group\" \/>\n<meta property=\"article:modified_time\" content=\"2023-12-13T13:19:32+00:00\" \/>\n<meta name=\"twitter:card\" content=\"summary_large_image\" \/>\n<meta name=\"twitter:label1\" content=\"Ber\u00e4knad l\u00e4stid\" \/>\n\t<meta name=\"twitter:data1\" content=\"2 minuter\" \/>\n<script type=\"application\/ld+json\" class=\"yoast-schema-graph\">{\"@context\":\"https:\\\/\\\/schema.org\",\"@graph\":[{\"@type\":\"WebPage\",\"@id\":\"https:\\\/\\\/bstgroupab.com\\\/sv\\\/visselblasning\\\/\",\"url\":\"https:\\\/\\\/bstgroupab.com\\\/sv\\\/visselblasning\\\/\",\"name\":\"Visselbl\u00e5sning - BST Group\",\"isPartOf\":{\"@id\":\"https:\\\/\\\/bstgroupab.com\\\/sv\\\/#website\"},\"datePublished\":\"2023-06-12T07:35:54+00:00\",\"dateModified\":\"2023-12-13T13:19:32+00:00\",\"breadcrumb\":{\"@id\":\"https:\\\/\\\/bstgroupab.com\\\/sv\\\/visselblasning\\\/#breadcrumb\"},\"inLanguage\":\"sv-SE\",\"potentialAction\":[{\"@type\":\"ReadAction\",\"target\":[\"https:\\\/\\\/bstgroupab.com\\\/sv\\\/visselblasning\\\/\"]}]},{\"@type\":\"BreadcrumbList\",\"@id\":\"https:\\\/\\\/bstgroupab.com\\\/sv\\\/visselblasning\\\/#breadcrumb\",\"itemListElement\":[{\"@type\":\"ListItem\",\"position\":1,\"name\":\"Home\",\"item\":\"https:\\\/\\\/bstgroupab.com\\\/sv\\\/\"},{\"@type\":\"ListItem\",\"position\":2,\"name\":\"Visselbl\u00e5sning\"}]},{\"@type\":\"WebSite\",\"@id\":\"https:\\\/\\\/bstgroupab.com\\\/sv\\\/#website\",\"url\":\"https:\\\/\\\/bstgroupab.com\\\/sv\\\/\",\"name\":\"BST Group\",\"description\":\"Vi m\u00f6jligg\u00f6r morgondagens brandskydd\",\"publisher\":{\"@id\":\"https:\\\/\\\/bstgroupab.com\\\/sv\\\/#organization\"},\"potentialAction\":[{\"@type\":\"SearchAction\",\"target\":{\"@type\":\"EntryPoint\",\"urlTemplate\":\"https:\\\/\\\/bstgroupab.com\\\/sv\\\/?s={search_term_string}\"},\"query-input\":{\"@type\":\"PropertyValueSpecification\",\"valueRequired\":true,\"valueName\":\"search_term_string\"}}],\"inLanguage\":\"sv-SE\"},{\"@type\":\"Organization\",\"@id\":\"https:\\\/\\\/bstgroupab.com\\\/sv\\\/#organization\",\"name\":\"BST Group\",\"url\":\"https:\\\/\\\/bstgroupab.com\\\/sv\\\/\",\"logo\":{\"@type\":\"ImageObject\",\"inLanguage\":\"sv-SE\",\"@id\":\"https:\\\/\\\/bstgroupab.com\\\/sv\\\/#\\\/schema\\\/logo\\\/image\\\/\",\"url\":\"https:\\\/\\\/bstgroupab.com\\\/wp-content\\\/uploads\\\/2023\\\/11\\\/BST-group.svg\",\"contentUrl\":\"https:\\\/\\\/bstgroupab.com\\\/wp-content\\\/uploads\\\/2023\\\/11\\\/BST-group.svg\",\"caption\":\"BST Group\"},\"image\":{\"@id\":\"https:\\\/\\\/bstgroupab.com\\\/sv\\\/#\\\/schema\\\/logo\\\/image\\\/\"}}]}<\/script>\n<!-- \/ Yoast SEO plugin. -->","yoast_head_json":{"title":"Visselbl\u00e5sning - BST Group","robots":{"index":"index","follow":"follow","max-snippet":"max-snippet:-1","max-image-preview":"max-image-preview:large","max-video-preview":"max-video-preview:-1"},"canonical":"https:\/\/bstgroupab.com\/sv\/visselblasning\/","og_locale":"sv_SE","og_type":"article","og_title":"Visselbl\u00e5sning - BST Group","og_description":"BST Groups visselbl\u00e5sarfunktion P\u00e5 BST Group str\u00e4var vi efter att ha en \u00f6ppen och transparent arbetsplats, d\u00e4r missf\u00f6rh\u00e5llanden inte ska f\u00f6rekomma. V\u00e5rt grundl\u00e4ggande f\u00f6rh\u00e5llningss\u00e4tt \u00e4r att ledarskapet och medarbetarskapet ska pr\u00e4glas av \u00f6ppenhet och transparens. Medarbetare p\u00e5 BST Group uppmuntras alltid att i f\u00f6rsta hand v\u00e4nda sig till ber\u00f6rd person eller till sin n\u00e4rmsta chef [&hellip;]","og_url":"https:\/\/bstgroupab.com\/sv\/visselblasning\/","og_site_name":"BST Group","article_modified_time":"2023-12-13T13:19:32+00:00","twitter_card":"summary_large_image","twitter_misc":{"Ber\u00e4knad l\u00e4stid":"2 minuter"},"schema":{"@context":"https:\/\/schema.org","@graph":[{"@type":"WebPage","@id":"https:\/\/bstgroupab.com\/sv\/visselblasning\/","url":"https:\/\/bstgroupab.com\/sv\/visselblasning\/","name":"Visselbl\u00e5sning - BST Group","isPartOf":{"@id":"https:\/\/bstgroupab.com\/sv\/#website"},"datePublished":"2023-06-12T07:35:54+00:00","dateModified":"2023-12-13T13:19:32+00:00","breadcrumb":{"@id":"https:\/\/bstgroupab.com\/sv\/visselblasning\/#breadcrumb"},"inLanguage":"sv-SE","potentialAction":[{"@type":"ReadAction","target":["https:\/\/bstgroupab.com\/sv\/visselblasning\/"]}]},{"@type":"BreadcrumbList","@id":"https:\/\/bstgroupab.com\/sv\/visselblasning\/#breadcrumb","itemListElement":[{"@type":"ListItem","position":1,"name":"Home","item":"https:\/\/bstgroupab.com\/sv\/"},{"@type":"ListItem","position":2,"name":"Visselbl\u00e5sning"}]},{"@type":"WebSite","@id":"https:\/\/bstgroupab.com\/sv\/#website","url":"https:\/\/bstgroupab.com\/sv\/","name":"BST Group","description":"Vi m\u00f6jligg\u00f6r morgondagens brandskydd","publisher":{"@id":"https:\/\/bstgroupab.com\/sv\/#organization"},"potentialAction":[{"@type":"SearchAction","target":{"@type":"EntryPoint","urlTemplate":"https:\/\/bstgroupab.com\/sv\/?s={search_term_string}"},"query-input":{"@type":"PropertyValueSpecification","valueRequired":true,"valueName":"search_term_string"}}],"inLanguage":"sv-SE"},{"@type":"Organization","@id":"https:\/\/bstgroupab.com\/sv\/#organization","name":"BST Group","url":"https:\/\/bstgroupab.com\/sv\/","logo":{"@type":"ImageObject","inLanguage":"sv-SE","@id":"https:\/\/bstgroupab.com\/sv\/#\/schema\/logo\/image\/","url":"https:\/\/bstgroupab.com\/wp-content\/uploads\/2023\/11\/BST-group.svg","contentUrl":"https:\/\/bstgroupab.com\/wp-content\/uploads\/2023\/11\/BST-group.svg","caption":"BST Group"},"image":{"@id":"https:\/\/bstgroupab.com\/sv\/#\/schema\/logo\/image\/"}}]}},"_links":{"self":[{"href":"https:\/\/bstgroupab.com\/sv\/wp-json\/wp\/v2\/pages\/7545","targetHints":{"allow":["GET"]}}],"collection":[{"href":"https:\/\/bstgroupab.com\/sv\/wp-json\/wp\/v2\/pages"}],"about":[{"href":"https:\/\/bstgroupab.com\/sv\/wp-json\/wp\/v2\/types\/page"}],"author":[{"embeddable":true,"href":"https:\/\/bstgroupab.com\/sv\/wp-json\/wp\/v2\/users\/1"}],"replies":[{"embeddable":true,"href":"https:\/\/bstgroupab.com\/sv\/wp-json\/wp\/v2\/comments?post=7545"}],"version-history":[{"count":63,"href":"https:\/\/bstgroupab.com\/sv\/wp-json\/wp\/v2\/pages\/7545\/revisions"}],"predecessor-version":[{"id":10010,"href":"https:\/\/bstgroupab.com\/sv\/wp-json\/wp\/v2\/pages\/7545\/revisions\/10010"}],"wp:attachment":[{"href":"https:\/\/bstgroupab.com\/sv\/wp-json\/wp\/v2\/media?parent=7545"}],"curies":[{"name":"wp","href":"https:\/\/api.w.org\/{rel}","templated":true}]}}